{"id":14,"date":"2025-03-20T04:02:32","date_gmt":"2025-03-20T04:02:32","guid":{"rendered":"https:\/\/originelle.com\/gallery\/"},"modified":"2025-03-20T04:02:35","modified_gmt":"2025-03-20T04:02:35","slug":"galerie","status":"publish","type":"page","link":"https:\/\/originelle.com\/fr\/galerie\/","title":{"rendered":"Galerie"},"content":{"rendered":"<div data-elementor-type=\"wp-page\" data-elementor-id=\"14\" class=\"elementor elementor-14\" data-elementor-post-type=\"page\">\n\t\t\t\t<div class=\"elementor-element elementor-element-2dfa645a e-flex e-con-boxed e-con e-parent\" data-id=\"2dfa645a\" data-element_type=\"container\" data-e-type=\"container\">\n\t\t\t\t\t<div class=\"e-con-inner\">\n\t\t\t\t<div class=\"elementor-element elementor-element-403f272e elementor-widget elementor-widget-heading\" data-id=\"403f272e\" data-element_type=\"widget\" data-e-type=\"widget\" data-widget_type=\"heading.default\">\n\t\t\t\t<div class=\"elementor-widget-container\">\n\t\t\t\t\t<h1 class=\"elementor-heading-title elementor-size-default\">Galerie<\/h1>\t\t\t\t<\/div>\n\t\t\t\t<\/div>\n\t\t\t\t<div class=\"elementor-element elementor-element-22bf8dba elementor-widget-divider--view-line elementor-widget elementor-widget-divider\" data-id=\"22bf8dba\" data-element_type=\"widget\" data-e-type=\"widget\" data-widget_type=\"divider.default\">\n\t\t\t\t<div class=\"elementor-widget-container\">\n\t\t\t\t\t\t\t<div class=\"elementor-divider\">\n\t\t\t<span class=\"elementor-divider-separator\">\n\t\t\t\t\t\t<\/span>\n\t\t<\/div>\n\t\t\t\t\t\t<\/div>\n\t\t\t\t<\/div>\n\t\t\t\t<div class=\"elementor-element elementor-element-21fb1ea8 elementor-widget__width-initial elementor-widget-tablet__width-initial elementor-widget elementor-widget-heading\" data-id=\"21fb1ea8\" data-element_type=\"widget\" data-e-type=\"widget\" data-widget_type=\"heading.default\">\n\t\t\t\t<div class=\"elementor-widget-container\">\n\t\t\t\t\t<h5 class=\"elementor-heading-title elementor-size-default\">Il s'agit d'une galerie destin\u00e9e \u00e0 pr\u00e9senter des images de vos services ou de vos projets ant\u00e9rieurs.<\/h5>\t\t\t\t<\/div>\n\t\t\t\t<\/div>\n\t\t\t\t\t<\/div>\n\t\t\t\t<\/div>\n\t\t<div class=\"elementor-element elementor-element-6c78c143 e-con-full e-flex e-con e-parent\" data-id=\"6c78c143\" data-element_type=\"container\" data-e-type=\"container\">\n\t\t\t\t<div class=\"elementor-element elementor-element-14d4fc42 gallery-spacing-custom elementor-widget elementor-widget-image-gallery\" data-id=\"14d4fc42\" data-element_type=\"widget\" data-e-type=\"widget\" data-widget_type=\"image-gallery.default\">\n\t\t\t\t<div class=\"elementor-widget-container\">\n\t\t\t\t\t\t\t<div class=\"elementor-image-gallery\">\n\t\t\t<div id='gallery-1' class='gallery galleryid-14 gallery-columns-2 gallery-size-full'><figure class='gallery-item'>\n\t\t\t<div class='gallery-icon landscape'>\n\t\t\t\t<a data-elementor-open-lightbox=\"yes\" data-elementor-lightbox-slideshow=\"14d4fc42\" data-elementor-lightbox-title=\"Wierframe-gallery_box-5.jpg\" data-e-action-hash=\"#elementor-action%3Aaction%3Dlightbox%26settings%3DeyJpZCI6MTUsInVybCI6Imh0dHBzOlwvXC9vcmlnaW5lbGxlLmNvbVwvd3AtY29udGVudFwvdXBsb2Fkc1wvMjAyNVwvMDNcL1dpZXJmcmFtZS1nYWxsZXJ5X2JveC01LmpwZyIsInNsaWRlc2hvdyI6IjE0ZDRmYzQyIn0%3D\" href='https:\/\/originelle.com\/wp-content\/uploads\/2025\/03\/Wierframe-gallery_box-5.jpg'><img fetchpriority=\"high\" decoding=\"async\" width=\"949\" height=\"739\" src=\"https:\/\/originelle.com\/wp-content\/uploads\/2025\/03\/Wierframe-gallery_box-5.jpg\" class=\"attachment-full size-full\" alt=\"\" srcset=\"https:\/\/originelle.com\/wp-content\/uploads\/2025\/03\/Wierframe-gallery_box-5.jpg 949w, https:\/\/originelle.com\/wp-content\/uploads\/2025\/03\/Wierframe-gallery_box-5-300x234.jpg 300w, https:\/\/originelle.com\/wp-content\/uploads\/2025\/03\/Wierframe-gallery_box-5-768x598.jpg 768w\" sizes=\"(max-width: 949px) 100vw, 949px\" \/><\/a>\n\t\t\t<\/div><\/figure><figure class='gallery-item'>\n\t\t\t<div class='gallery-icon landscape'>\n\t\t\t\t<a data-elementor-open-lightbox=\"yes\" data-elementor-lightbox-slideshow=\"14d4fc42\" data-elementor-lightbox-title=\"Wierframe-gallery_box-4.jpg\" data-e-action-hash=\"#elementor-action%3Aaction%3Dlightbox%26settings%3DeyJpZCI6MTYsInVybCI6Imh0dHBzOlwvXC9vcmlnaW5lbGxlLmNvbVwvd3AtY29udGVudFwvdXBsb2Fkc1wvMjAyNVwvMDNcL1dpZXJmcmFtZS1nYWxsZXJ5X2JveC00LmpwZyIsInNsaWRlc2hvdyI6IjE0ZDRmYzQyIn0%3D\" href='https:\/\/originelle.com\/wp-content\/uploads\/2025\/03\/Wierframe-gallery_box-4.jpg'><img decoding=\"async\" width=\"949\" height=\"739\" src=\"https:\/\/originelle.com\/wp-content\/uploads\/2025\/03\/Wierframe-gallery_box-4.jpg\" class=\"attachment-full size-full\" alt=\"\" srcset=\"https:\/\/originelle.com\/wp-content\/uploads\/2025\/03\/Wierframe-gallery_box-4.jpg 949w, https:\/\/originelle.com\/wp-content\/uploads\/2025\/03\/Wierframe-gallery_box-4-300x234.jpg 300w, https:\/\/originelle.com\/wp-content\/uploads\/2025\/03\/Wierframe-gallery_box-4-768x598.jpg 768w\" sizes=\"(max-width: 949px) 100vw, 949px\" \/><\/a>\n\t\t\t<\/div><\/figure><figure class='gallery-item'>\n\t\t\t<div class='gallery-icon landscape'>\n\t\t\t\t<a data-elementor-open-lightbox=\"yes\" data-elementor-lightbox-slideshow=\"14d4fc42\" data-elementor-lightbox-title=\"Wierframe-gallery_box-3.jpg\" data-e-action-hash=\"#elementor-action%3Aaction%3Dlightbox%26settings%3DeyJpZCI6MTcsInVybCI6Imh0dHBzOlwvXC9vcmlnaW5lbGxlLmNvbVwvd3AtY29udGVudFwvdXBsb2Fkc1wvMjAyNVwvMDNcL1dpZXJmcmFtZS1nYWxsZXJ5X2JveC0zLmpwZyIsInNsaWRlc2hvdyI6IjE0ZDRmYzQyIn0%3D\" href='https:\/\/originelle.com\/wp-content\/uploads\/2025\/03\/Wierframe-gallery_box-3.jpg'><img decoding=\"async\" width=\"949\" height=\"739\" src=\"https:\/\/originelle.com\/wp-content\/uploads\/2025\/03\/Wierframe-gallery_box-3.jpg\" class=\"attachment-full size-full\" alt=\"\" srcset=\"https:\/\/originelle.com\/wp-content\/uploads\/2025\/03\/Wierframe-gallery_box-3.jpg 949w, https:\/\/originelle.com\/wp-content\/uploads\/2025\/03\/Wierframe-gallery_box-3-300x234.jpg 300w, https:\/\/originelle.com\/wp-content\/uploads\/2025\/03\/Wierframe-gallery_box-3-768x598.jpg 768w\" sizes=\"(max-width: 949px) 100vw, 949px\" \/><\/a>\n\t\t\t<\/div><\/figure><figure class='gallery-item'>\n\t\t\t<div class='gallery-icon landscape'>\n\t\t\t\t<a data-elementor-open-lightbox=\"yes\" data-elementor-lightbox-slideshow=\"14d4fc42\" data-elementor-lightbox-title=\"Wierframe-gallery_box-2.jpg\" data-e-action-hash=\"#elementor-action%3Aaction%3Dlightbox%26settings%3DeyJpZCI6MTgsInVybCI6Imh0dHBzOlwvXC9vcmlnaW5lbGxlLmNvbVwvd3AtY29udGVudFwvdXBsb2Fkc1wvMjAyNVwvMDNcL1dpZXJmcmFtZS1nYWxsZXJ5X2JveC0yLmpwZyIsInNsaWRlc2hvdyI6IjE0ZDRmYzQyIn0%3D\" href='https:\/\/originelle.com\/wp-content\/uploads\/2025\/03\/Wierframe-gallery_box-2.jpg'><img loading=\"lazy\" decoding=\"async\" width=\"949\" height=\"739\" src=\"https:\/\/originelle.com\/wp-content\/uploads\/2025\/03\/Wierframe-gallery_box-2.jpg\" class=\"attachment-full size-full\" alt=\"\" srcset=\"https:\/\/originelle.com\/wp-content\/uploads\/2025\/03\/Wierframe-gallery_box-2.jpg 949w, https:\/\/originelle.com\/wp-content\/uploads\/2025\/03\/Wierframe-gallery_box-2-300x234.jpg 300w, https:\/\/originelle.com\/wp-content\/uploads\/2025\/03\/Wierframe-gallery_box-2-768x598.jpg 768w\" sizes=\"(max-width: 949px) 100vw, 949px\" \/><\/a>\n\t\t\t<\/div><\/figure><figure class='gallery-item'>\n\t\t\t<div class='gallery-icon landscape'>\n\t\t\t\t<a data-elementor-open-lightbox=\"yes\" data-elementor-lightbox-slideshow=\"14d4fc42\" data-elementor-lightbox-title=\"Wierframe-gallery_box-1.jpg\" data-e-action-hash=\"#elementor-action%3Aaction%3Dlightbox%26settings%3DeyJpZCI6MTksInVybCI6Imh0dHBzOlwvXC9vcmlnaW5lbGxlLmNvbVwvd3AtY29udGVudFwvdXBsb2Fkc1wvMjAyNVwvMDNcL1dpZXJmcmFtZS1nYWxsZXJ5X2JveC0xLmpwZyIsInNsaWRlc2hvdyI6IjE0ZDRmYzQyIn0%3D\" href='https:\/\/originelle.com\/wp-content\/uploads\/2025\/03\/Wierframe-gallery_box-1.jpg'><img loading=\"lazy\" decoding=\"async\" width=\"949\" height=\"739\" src=\"https:\/\/originelle.com\/wp-content\/uploads\/2025\/03\/Wierframe-gallery_box-1.jpg\" class=\"attachment-full size-full\" alt=\"\" srcset=\"https:\/\/originelle.com\/wp-content\/uploads\/2025\/03\/Wierframe-gallery_box-1.jpg 949w, https:\/\/originelle.com\/wp-content\/uploads\/2025\/03\/Wierframe-gallery_box-1-300x234.jpg 300w, https:\/\/originelle.com\/wp-content\/uploads\/2025\/03\/Wierframe-gallery_box-1-768x598.jpg 768w\" sizes=\"(max-width: 949px) 100vw, 949px\" \/><\/a>\n\t\t\t<\/div><\/figure><figure class='gallery-item'>\n\t\t\t<div class='gallery-icon landscape'>\n\t\t\t\t<a data-elementor-open-lightbox=\"yes\" data-elementor-lightbox-slideshow=\"14d4fc42\" data-elementor-lightbox-title=\"Wierframe-gallery_box.jpg\" data-e-action-hash=\"#elementor-action%3Aaction%3Dlightbox%26settings%3DeyJpZCI6MjAsInVybCI6Imh0dHBzOlwvXC9vcmlnaW5lbGxlLmNvbVwvd3AtY29udGVudFwvdXBsb2Fkc1wvMjAyNVwvMDNcL1dpZXJmcmFtZS1nYWxsZXJ5X2JveC5qcGciLCJzbGlkZXNob3ciOiIxNGQ0ZmM0MiJ9\" href='https:\/\/originelle.com\/wp-content\/uploads\/2025\/03\/Wierframe-gallery_box.jpg'><img loading=\"lazy\" decoding=\"async\" width=\"949\" height=\"739\" src=\"https:\/\/originelle.com\/wp-content\/uploads\/2025\/03\/Wierframe-gallery_box.jpg\" class=\"attachment-full size-full\" alt=\"\" srcset=\"https:\/\/originelle.com\/wp-content\/uploads\/2025\/03\/Wierframe-gallery_box.jpg 949w, https:\/\/originelle.com\/wp-content\/uploads\/2025\/03\/Wierframe-gallery_box-300x234.jpg 300w, https:\/\/originelle.com\/wp-content\/uploads\/2025\/03\/Wierframe-gallery_box-768x598.jpg 768w\" sizes=\"(max-width: 949px) 100vw, 949px\" \/><\/a>\n\t\t\t<\/div><\/figure><figure class='gallery-item'>\n\t\t\t<div class='gallery-icon landscape'>\n\t\t\t\t<a data-elementor-open-lightbox=\"yes\" data-elementor-lightbox-slideshow=\"14d4fc42\" data-elementor-lightbox-title=\"Wierframe-gallery_box-6.jpg\" data-e-action-hash=\"#elementor-action%3Aaction%3Dlightbox%26settings%3DeyJpZCI6MjEsInVybCI6Imh0dHBzOlwvXC9vcmlnaW5lbGxlLmNvbVwvd3AtY29udGVudFwvdXBsb2Fkc1wvMjAyNVwvMDNcL1dpZXJmcmFtZS1nYWxsZXJ5X2JveC02LmpwZyIsInNsaWRlc2hvdyI6IjE0ZDRmYzQyIn0%3D\" href='https:\/\/originelle.com\/wp-content\/uploads\/2025\/03\/Wierframe-gallery_box-6.jpg'><img loading=\"lazy\" decoding=\"async\" width=\"949\" height=\"739\" src=\"https:\/\/originelle.com\/wp-content\/uploads\/2025\/03\/Wierframe-gallery_box-6.jpg\" class=\"attachment-full size-full\" alt=\"\" srcset=\"https:\/\/originelle.com\/wp-content\/uploads\/2025\/03\/Wierframe-gallery_box-6.jpg 949w, https:\/\/originelle.com\/wp-content\/uploads\/2025\/03\/Wierframe-gallery_box-6-300x234.jpg 300w, https:\/\/originelle.com\/wp-content\/uploads\/2025\/03\/Wierframe-gallery_box-6-768x598.jpg 768w\" sizes=\"(max-width: 949px) 100vw, 949px\" \/><\/a>\n\t\t\t<\/div><\/figure><figure class='gallery-item'>\n\t\t\t<div class='gallery-icon landscape'>\n\t\t\t\t<a data-elementor-open-lightbox=\"yes\" data-elementor-lightbox-slideshow=\"14d4fc42\" data-elementor-lightbox-title=\"Wierframe-gallery_box-7.jpg\" data-e-action-hash=\"#elementor-action%3Aaction%3Dlightbox%26settings%3DeyJpZCI6MjIsInVybCI6Imh0dHBzOlwvXC9vcmlnaW5lbGxlLmNvbVwvd3AtY29udGVudFwvdXBsb2Fkc1wvMjAyNVwvMDNcL1dpZXJmcmFtZS1nYWxsZXJ5X2JveC03LmpwZyIsInNsaWRlc2hvdyI6IjE0ZDRmYzQyIn0%3D\" href='https:\/\/originelle.com\/wp-content\/uploads\/2025\/03\/Wierframe-gallery_box-7.jpg'><img loading=\"lazy\" decoding=\"async\" width=\"949\" height=\"739\" src=\"https:\/\/originelle.com\/wp-content\/uploads\/2025\/03\/Wierframe-gallery_box-7.jpg\" class=\"attachment-full size-full\" alt=\"\" srcset=\"https:\/\/originelle.com\/wp-content\/uploads\/2025\/03\/Wierframe-gallery_box-7.jpg 949w, https:\/\/originelle.com\/wp-content\/uploads\/2025\/03\/Wierframe-gallery_box-7-300x234.jpg 300w, https:\/\/originelle.com\/wp-content\/uploads\/2025\/03\/Wierframe-gallery_box-7-768x598.jpg 768w\" sizes=\"(max-width: 949px) 100vw, 949px\" \/><\/a>\n\t\t\t<\/div><\/figure>\n\t\t<\/div>\n\t\t<\/div>\n\t\t\t\t\t\t<\/div>\n\t\t\t\t<\/div>\n\t\t\t\t<\/div>\n\t\t<div class=\"elementor-element elementor-element-440f12e7 e-flex e-con-boxed e-con e-parent\" data-id=\"440f12e7\" data-element_type=\"container\" data-e-type=\"container\">\n\t\t\t\t\t<div class=\"e-con-inner\">\n\t\t\t\t<div class=\"elementor-element elementor-element-567dc6ac elementor-widget elementor-widget-heading\" data-id=\"567dc6ac\" data-element_type=\"widget\" data-e-type=\"widget\" data-widget_type=\"heading.default\">\n\t\t\t\t<div class=\"elementor-widget-container\">\n\t\t\t\t\t<h2 class=\"elementor-heading-title elementor-size-default\">Un titre pour transformer le visiteur en client potentiel<\/h2>\t\t\t\t<\/div>\n\t\t\t\t<\/div>\n\t\t\t\t<div class=\"elementor-element elementor-element-165e5b90 elementor-widget__width-initial elementor-widget elementor-widget-text-editor\" data-id=\"165e5b90\" data-element_type=\"widget\" data-e-type=\"widget\" data-widget_type=\"text-editor.default\">\n\t\t\t\t<div class=\"elementor-widget-container\">\n\t\t\t\t\t\t\t\t\t<p>C'est l'occasion d'insister sur les raisons pour lesquelles le visiteur doit vous contacter d\u00e8s maintenant.<\/p>\t\t\t\t\t\t\t\t<\/div>\n\t\t\t\t<\/div>\n\t\t\t\t<div class=\"elementor-element elementor-element-55e23e7e elementor-align-center elementor-invisible elementor-widget elementor-widget-button\" data-id=\"55e23e7e\" data-element_type=\"widget\" data-e-type=\"widget\" data-settings=\"{&quot;_animation&quot;:&quot;fadeInDown&quot;}\" data-widget_type=\"button.default\">\n\t\t\t\t<div class=\"elementor-widget-container\">\n\t\t\t\t\t\t\t\t\t<div class=\"elementor-button-wrapper\">\n\t\t\t\t\t<a class=\"elementor-button elementor-button-link elementor-size-sm\" href=\"https:\/\/originelle.com\/fr\/nous-contacter\/\">\n\t\t\t\t\t\t<span class=\"elementor-button-content-wrapper\">\n\t\t\t\t\t\t\t\t\t<span class=\"elementor-button-text\">Nous contacter<\/span>\n\t\t\t\t\t<\/span>\n\t\t\t\t\t<\/a>\n\t\t\t\t<\/div>\n\t\t\t\t\t\t\t\t<\/div>\n\t\t\t\t<\/div>\n\t\t\t\t\t<\/div>\n\t\t\t\t<\/div>\n\t\t\t\t<\/div>","protected":false},"excerpt":{"rendered":"<p>Galerie Il s'agit d'une galerie pour pr\u00e9senter des images de vos services ou de vos projets ant\u00e9rieurs Un titre pour transformer le visiteur en client potentiel C'est l'occasion de souligner pourquoi le visiteur doit vous contacter d\u00e8s maintenant. Nous contacter<\/p>","protected":false},"author":1,"featured_media":0,"parent":0,"menu_order":0,"comment_status":"closed","ping_status":"closed","template":"elementor_header_footer","meta":{"footnotes":""},"class_list":["post-14","page","type-page","status-publish","hentry"],"aioseo_notices":[],"_links":{"self":[{"href":"https:\/\/originelle.com\/fr\/wp-json\/wp\/v2\/pages\/14","targetHints":{"allow":["GET"]}}],"collection":[{"href":"https:\/\/originelle.com\/fr\/wp-json\/wp\/v2\/pages"}],"about":[{"href":"https:\/\/originelle.com\/fr\/wp-json\/wp\/v2\/types\/page"}],"author":[{"embeddable":true,"href":"https:\/\/originelle.com\/fr\/wp-json\/wp\/v2\/users\/1"}],"replies":[{"embeddable":true,"href":"https:\/\/originelle.com\/fr\/wp-json\/wp\/v2\/comments?post=14"}],"version-history":[{"count":4,"href":"https:\/\/originelle.com\/fr\/wp-json\/wp\/v2\/pages\/14\/revisions"}],"predecessor-version":[{"id":51,"href":"https:\/\/originelle.com\/fr\/wp-json\/wp\/v2\/pages\/14\/revisions\/51"}],"wp:attachment":[{"href":"https:\/\/originelle.com\/fr\/wp-json\/wp\/v2\/media?parent=14"}],"curies":[{"name":"wp","href":"https:\/\/api.w.org\/{rel}","templated":true}]}}