{"id":172,"date":"2025-03-26T05:35:11","date_gmt":"2025-03-26T05:35:11","guid":{"rendered":"https:\/\/originelle.com\/?page_id=172"},"modified":"2025-12-19T04:34:25","modified_gmt":"2025-12-19T04:34:25","slug":"informations-financieres-sur-les-prix","status":"publish","type":"page","link":"https:\/\/originelle.com\/fr\/informations-financieres-sur-les-prix\/","title":{"rendered":"Prix et informations financi\u00e8res"},"content":{"rendered":"<div data-elementor-type=\"wp-page\" data-elementor-id=\"172\" class=\"elementor elementor-172\" data-elementor-post-type=\"page\">\n\t\t\t\t<div class=\"elementor-element elementor-element-516a2db8 e-flex e-con-boxed e-con e-parent\" data-id=\"516a2db8\" data-element_type=\"container\" data-e-type=\"container\" id=\"xs_cta_style_16\">\n\t\t\t\t\t<div class=\"e-con-inner\">\n\t\t<div class=\"elementor-element elementor-element-df1023a e-con-full e-flex e-con e-child\" data-id=\"df1023a\" data-element_type=\"container\" data-e-type=\"container\">\n\t\t\t\t<div class=\"elementor-element elementor-element-eb468c1 elementor-headline--style-highlight elementor-widget elementor-widget-animated-headline\" data-id=\"eb468c1\" data-element_type=\"widget\" data-e-type=\"widget\" data-settings=\"{&quot;marker&quot;:&quot;underline&quot;,&quot;highlighted_text&quot;:&quot;Exceptional Fertility Care&quot;,&quot;headline_style&quot;:&quot;highlight&quot;,&quot;loop&quot;:&quot;yes&quot;,&quot;highlight_animation_duration&quot;:1200,&quot;highlight_iteration_delay&quot;:8000}\" data-widget_type=\"animated-headline.default\">\n\t\t\t\t<div class=\"elementor-widget-container\">\n\t\t\t\t\t\t\t<h3 class=\"elementor-headline\">\n\t\t\t\t\t<span class=\"elementor-headline-plain-text elementor-headline-text-wrapper\">Une tarification transparente pour <\/span>\n\t\t\t\t<span class=\"elementor-headline-dynamic-wrapper elementor-headline-text-wrapper\">\n\t\t\t\t\t<span class=\"elementor-headline-dynamic-text elementor-headline-text-active\">Des soins de fertilit\u00e9 exceptionnels<\/span>\n\t\t\t\t<\/span>\n\t\t\t\t<\/h3>\n\t\t\t\t\t\t<\/div>\n\t\t\t\t<\/div>\n\t\t\t\t<\/div>\n\t\t\t\t\t<\/div>\n\t\t\t\t<\/div>\n\t\t<div class=\"elementor-element elementor-element-f3b5d1e e-flex e-con-boxed e-con e-parent\" data-id=\"f3b5d1e\" data-element_type=\"container\" data-e-type=\"container\">\n\t\t\t\t\t<div class=\"e-con-inner\">\n\t\t\t\t<div class=\"elementor-element elementor-element-d728710 elementor-widget elementor-widget-html\" data-id=\"d728710\" data-element_type=\"widget\" data-e-type=\"widget\" data-widget_type=\"html.default\">\n\t\t\t\t<div class=\"elementor-widget-container\">\n\t\t\t\t\t<style>\r\n  body {\r\n    background: url('your-floral-background.jpg') no-repeat center center fixed;\r\n    background-size: cover;\r\n    font-family: 'Helvetica Neue', sans-serif;\r\n  }\r\n\r\n  .pricing-container {\r\n    max-width: 1000px;\r\n    margin: 60px auto;\r\n    background-color: rgba(255, 255, 255, 0.95);\r\n    padding: 40px;\r\n    border-radius: 20px;\r\n    box-shadow: 0 10px 30px rgba(0, 0, 0, 0.1);\r\n  }\r\n\r\n  .section-title {\r\n    font-size: 26px;\r\n    font-family: 'Playfair Display', serif;\r\n    color: #c7156d;\r\n    margin-bottom: 8px;\r\n  }\r\n\r\n  .section-subtitle {\r\n    font-size: 16px;\r\n    color: #444;\r\n    margin-bottom: 30px;\r\n  }\r\n\r\n  .pricing-note, .ramq-note {\r\n    background-color: #fce8ef;\r\n    padding: 18px 20px;\r\n    margin-bottom: 30px;\r\n    border-left: 5px solid #c7156d;\r\n    border-radius: 8px;\r\n    font-size: 15px;\r\n    color: #444;\r\n  }\r\n\r\n  .ramq-note a {\r\n    color: #c7156d;\r\n    font-weight: bold;\r\n    text-decoration: underline;\r\n  }\r\n\r\n  .pricing-section-title {\r\n    font-size: 20px;\r\n    margin: 40px 0 10px;\r\n    font-weight: 600;\r\n    border-left: 4px solid #f7cad0;\r\n    padding-left: 12px;\r\n    color: #111;\r\n  }\r\n\r\n  table.pricing-table {\r\n    width: 100%;\r\n    table-layout: fixed;\r\n    border-collapse: collapse;\r\n    margin-bottom: 30px;\r\n  }\r\n\r\n  table.pricing-table th,\r\n  table.pricing-table td {\r\n    padding: 14px 20px;\r\n    border: 1px solid #e5e5e5;\r\n  }\r\n\r\n  table.pricing-table th {\r\n    background-color: #fafafa;\r\n    text-align: left;\r\n    font-weight: bold;\r\n  }\r\n\r\n  table.pricing-table td:nth-child(3) {\r\n    font-weight: 600;\r\n  }\r\n\r\n  table.pricing-table tr:nth-child(even) td {\r\n    background-color: #fce8ef;\r\n  }\r\n\r\n  table.pricing-table tr:nth-child(odd) td {\r\n    background-color: #fafafa;\r\n  }\r\n<\/style>\r\n\r\n<div class=\"pricing-container\">\r\n  <h1 class=\"section-title\">Une FIV abordable soutenue par des taux de r\u00e9ussite de classe mondiale<\/h1>\r\n  <p class=\"section-subtitle\">\r\n    Des prix transparents. Des soins exceptionnels. Nous offrons l'un des taux de r\u00e9ussite les plus \u00e9lev\u00e9s au monde en mati\u00e8re de FIV - sans les co\u00fbts \u00e9lev\u00e9s g\u00e9n\u00e9ralement observ\u00e9s aux \u00c9tats-Unis et au Canada. Chez OriginElle, nous pensons que des soins de fertilit\u00e9 de classe mondiale devraient \u00eatre \u00e0 port\u00e9e de main.\r\n  <\/p>\r\n\r\n  <div class=\"pricing-note\">\r\n    <strong>Liste de prix pour les patients couverts par la RAMQ<\/strong><br>\r\n    Les tarifs ont \u00e9t\u00e9 ventil\u00e9s en fonction des options de traitement. Vous pouvez avoir besoin d'une ou de plusieurs de ces options, en fonction de votre situation. Votre m\u00e9decin discutera avec vous des options de traitement qui vous conviennent le mieux. Les tarifs ne comprennent pas le co\u00fbt des m\u00e9dicaments, qui varie en fonction de votre r\u00e9gime d'assurance-m\u00e9dicaments. En cas d'annulation ou de modification du traitement, des ajustements de prix seront appliqu\u00e9s sur la base de notre politique de remboursement. Les prix sont susceptibles d'\u00eatre modifi\u00e9s sans pr\u00e9avis. Tous les frais doivent \u00eatre pay\u00e9s en totalit\u00e9 avant le d\u00e9but du traitement. Les ch\u00e8ques personnels ne sont pas accept\u00e9s.\r\n  <\/div>\r\n\r\n  <div class=\"ramq-note\">\r\n    <strong>Cycles de FIV et d'IIU financ\u00e9s par le gouvernement au Qu\u00e9bec :<\/strong><br>\r\n    <a href=\"https:\/\/www.quebec.ca\/en\/family-and-support-for-individuals\/pregnancy-parenthood\/assisted-reproduction\/medically-assisted-reproduction-program\" target=\"_blank\">\r\n      Voir les d\u00e9tails du programme officiel ici\r\n    <\/a>\r\n  <\/div>\r\n\r\n  <!-- START PRICING TABLES (Add tables from generated HTML below) -->\r\n\r\n\r\n<h2 id=\"consultation\" class=\"pricing-section-title\">Consultation<\/h2>\r\n  <table class=\"pricing-table\">\r\n    <thead><tr><th>Service<\/th><th>RAMQ<\/th><th>Canadiens non RAMQ<\/th><\/tr><\/thead>\r\n    <tbody>\r\n      <tr><td>Ouverture d'un dossier m\u00e9dical \/ Consultation<\/td><td>Couvert*<\/td><td>$350.00<\/td><\/tr>\r\n      <tr><td>Consultation d'un sp\u00e9cialiste<\/td><td>Couvert*<\/td><td>$500.00<\/td><\/tr>\r\n      <tr><td>Consultation de suivi<\/td><td>Couvert*<\/td><td>$400.00<\/td><\/tr>\r\n    <\/tbody>\r\n  <\/table>\r\n\r\n  <h2 id=\"imaging\" class=\"pricing-section-title\">Imagerie<\/h2>\r\n  <table class=\"pricing-table\">\r\n    <thead><tr><th>Service<\/th><th>RAMQ<\/th><th>Canadiens non RAMQ<\/th><\/tr><\/thead>\r\n    <tbody>\r\n      <tr><td>\u00c9chographie de r\u00e9f\u00e9rence<\/td><td>Non<\/td><td>$250<\/td><\/tr>\r\n      <tr><td>Sonohyst\u00e9rogramme<\/td><td>Non<\/td><td>$400<\/td><\/tr>\r\n      <tr><td>Transfert fictif<\/td><td>Non<\/td><td>$250<\/td><\/tr>\r\n      <tr><td>Analyse de la vitalit\u00e9<\/td><td>Non<\/td><td>$250<\/td><\/tr>\r\n      <tr><td>Hycosy<\/td><td>Non<\/td><td>$600<\/td><\/tr>\r\n    <\/tbody>\r\n  <\/table>\r\n\r\n <h2 id=\"fertility-treatments\" class=\"pricing-section-title\">Traitements de fertilit\u00e9<\/h2>\r\n<table class=\"pricing-table\">\r\n  <thead><tr><th>Service<\/th><th>RAMQ<\/th><th>Canadiens non RAMQ<\/th><\/tr><\/thead>\r\n  <tbody>\r\n    <tr><td>FIV<\/td><td>Couvert*<\/td><td>$8,950<\/td><\/tr>\r\n    <tr><td>ICSI<\/td><td>Couvert*<\/td><td>$1,900<\/td><\/tr>\r\n    <tr><td>Don d'ovules Cycle de FIV<\/td><td>Non<\/td><td>$13,950<\/td><\/tr>\r\n    <tr><td>FERC<\/td><td>Couvert*<\/td><td>$3,000<\/td><\/tr>\r\n    <tr><td>Cycle de FIV avec ovules congel\u00e9s (FORC)<\/td><td>Non<\/td><td>$7,450<\/td><\/tr>\r\n  <\/tbody>\r\n<\/table>\r\n\r\n<h2 id=\"pgt\" class=\"pricing-section-title\">D\u00e9pistage pr\u00e9implantatoire (PGT-A)<\/h2>\r\n<table class=\"pricing-table\">\r\n  <thead><tr><th>Service<\/th><th>RAMQ<\/th><th>Canadiens non RAMQ<\/th><\/tr><\/thead>\r\n  <tbody>\r\n    <tr><td>PGT-A<\/td><td>Non<\/td><td>$2,050+*<\/td><\/tr>\r\n    <tr><td>PGT-A + PGT-M<\/td><td>Non<\/td><td>$4,800+*<\/td><\/tr>\r\n  <\/tbody>\r\n<\/table>\r\n\r\n<h2 id=\"preservation\" class=\"pricing-section-title\">Pr\u00e9servation de la fertilit\u00e9<\/h2>\r\n<table class=\"pricing-table\">\r\n  <thead><tr><th>Service<\/th><th>RAMQ<\/th><th>Canadiens non RAMQ<\/th><\/tr><\/thead>\r\n  <tbody>\r\n    <tr><td>Cycle de cong\u00e9lation des \u0153ufs<\/td><td>Couvert*<\/td><td>$7,850<\/td><\/tr>\r\n    <tr><td>Cong\u00e9lation de sperme<\/td><td>Couvert*<\/td><td>$750<\/td><\/tr>\r\n    <tr><td>Frais de stockage annuel pour les \u00e9chantillons congel\u00e9s<\/td><td>Non<\/td><td>$500<\/td><\/tr>\r\n  <\/tbody>\r\n<\/table>\r\n\r\n<h2 id=\"insemination\" class=\"pricing-section-title\">Ins\u00e9mination (IUI)<\/h2>\r\n<table class=\"pricing-table\">\r\n  <thead><tr><th>Service<\/th><th>RAMQ<\/th><th>Canadiens non RAMQ<\/th><\/tr><\/thead>\r\n  <tbody>\r\n    <tr><td>Surveillance intra-ut\u00e9rine et ins\u00e9mination (IUI)<\/td><td>Couvert*<\/td><td>$1,350<\/td><\/tr>\r\n  <\/tbody>\r\n<\/table>\r\n\r\n<!-- Disclaimer block -->\r\n<div class=\"pricing-note\">\r\n  <strong>* Des conditions s'appliquent :<\/strong> Certains services marqu\u00e9s comme <strong>Couvert*<\/strong> ou dont la tarification est marqu\u00e9e d'un ast\u00e9risque sont assujettis aux crit\u00e8res d'admissibilit\u00e9 \u00e9tablis par la RAMQ (R\u00e9gime d'assurance-maladie du Qu\u00e9bec). La couverture doit \u00eatre confirm\u00e9e par votre m\u00e9decin.\r\n  <br><br>\r\n  Pour conna\u00eetre tous les d\u00e9tails du programme, veuillez consulter la page officielle du gouvernement du Qu\u00e9bec :\r\n  <br>\r\n  <a href=\"https:\/\/www.quebec.ca\/en\/family-and-support-for-individuals\/pregnancy-parenthood\/assisted-reproduction\/medically-assisted-reproduction-program\" target=\"_blank\">\r\n    www.quebec.ca\/en\/family-and-support-for-individuals\/pregnancy-parenthood\/assisted-reproduction\/medically-assisted-reproduction-program\r\n  <\/a>\r\n<\/div>\r\n\r\n\r\n  <h2 id=\"other-services\" class=\"pricing-section-title\">Autres services<\/h2>\r\n  <table class=\"pricing-table\">\r\n    <thead><tr><th>Service<\/th><th>RAMQ<\/th><th>Canadiens non RAMQ<\/th><\/tr><\/thead>\r\n    <tbody>\r\n      <tr><td>\u00c9closion assist\u00e9e (AH)<\/td><td>Couvert*<\/td><td>$500<\/td><\/tr>\r\n      <tr><td>Zymot<\/td><td>Non<\/td><td>$595<\/td><\/tr>\r\n      <tr><td>Colle pour embryons<\/td><td>Non<\/td><td>$395<\/td><\/tr>\r\n      <tr><td>Embryoscope (Time Lapse)<\/td><td>Non<\/td><td>$1,150<\/td><\/tr>\r\n      <tr><td>TESA<\/td><td>Couvert*<\/td><td>$3,000<\/td><\/tr>\r\n      <tr><td>Injection intra-ut\u00e9rine de HCG<\/td><td>Non<\/td><td>$500<\/td><\/tr>\r\n      <tr><td>Perfusion d'intralipide<\/td><td>Non<\/td><td>$500<\/td><\/tr>\r\n      <tr><td>PRP de l'endom\u00e8tre<\/td><td>Non<\/td><td>$950<\/td><\/tr>\r\n      <tr><td>PRP ovarien<\/td><td>Non<\/td><td>$3,500<\/td><\/tr>\r\n    <\/tbody>\r\n  <\/table>\r\n\r\n  <h2 class=\"pricing-section-title\">Autres frais<\/h2>\r\n  <table class=\"pricing-table\">\r\n    <thead><tr><th>Service<\/th><th>RAMQ<\/th><th>Canadiens non RAMQ<\/th><\/tr><\/thead>\r\n    <tbody>\r\n      <tr><td>Cycle de monitorage \u00e0 distance<\/td><td>Non<\/td><td>D\u00e9termin\u00e9 au cas par cas\r\nau cas par cas<\/td><\/tr>\r\n      <tr><td>Copie du dossier\/\r\n      Lettre m\u00e9dicale personnalis\u00e9e\/\r\n      Formulaire d'assurance<\/td><td>Non<\/td><td>$75<\/td><\/tr>\r\n      <tr><td>Injection par l'infirmi\u00e8re<\/td><td>Non<\/td><td>$40<\/td><\/tr>\r\n      <tr><td>Location de cuves de transport pour les \u00e9chantillons congel\u00e9s<\/td><td>Non<\/td><td>$200<\/td><\/tr>\r\n    <\/tbody>\r\n  <\/table>\r\n\r\n  <h2 id=\"andrology\" class=\"pricing-section-title\">Andrologie<\/h2>\r\n  <table class=\"pricing-table\">\r\n    <thead><tr><th>Service<\/th><th>RAMQ<\/th><th>Canadiens non RAMQ<\/th><\/tr><\/thead>\r\n    <tbody>\r\n      <tr><td>Fragmentation de l'ADN<\/td><td>Non<\/td><td>$390<\/td><\/tr>\r\n    <\/tbody>\r\n  <\/table>\r\n\r\n  <p style=\"font-size: 14px; margin-top: 20px; color: #444;\">(*) V\u00e9rifier l'\u00e9ligibilit\u00e9 de la RAMQ pour la FIV et l'IUI<\/p>\r\n  (**) Les prix indiqu\u00e9s sont bas\u00e9s sur les tarifs de juin 2025 et peuvent \u00eatre modifi\u00e9s sans pr\u00e9avis.\r\n<\/div>\r\n\t\t\t\t<\/div>\n\t\t\t\t<\/div>\n\t\t<div class=\"elementor-element elementor-element-5cd2786 e-con-full e-flex e-con e-child\" data-id=\"5cd2786\" data-element_type=\"container\" data-e-type=\"container\">\n\t\t\t\t<div class=\"elementor-element elementor-element-387a67d5 elementor-widget elementor-widget-elementskit-heading\" data-id=\"387a67d5\" data-element_type=\"widget\" data-e-type=\"widget\" data-widget_type=\"elementskit-heading.default\">\n\t\t\t\t<div class=\"elementor-widget-container\">\n\t\t\t\t\t<div class=\"ekit-wid-con\" ><div class=\"ekit-heading elementskit-section-title-wraper text_left   ekit_heading_tablet-   ekit_heading_mobile-\"><h2 class=\"ekit-heading--title elementskit-section-title\">Avez-vous des <span><span>Questions<\/span><\/span><\/h2>\t\t\t\t<div class='ekit-heading__description'>\n\t\t\t\t\t<p>Nous sommes l\u00e0 pour vous \u00e0 chaque \u00e9tape. Prenez rendez-vous d\u00e8s aujourd'hui et notre \u00e9quipe attentive r\u00e9pondra \u00e0 toutes vos questions, sans pression et en toute transparence.<\/p>\n\t\t\t\t<\/div>\n\t\t\t<\/div><\/div>\t\t\t\t<\/div>\n\t\t\t\t<\/div>\n\t\t\t\t<div class=\"elementor-element elementor-element-68661bf7 elementor-align-right elementor-align--mobilecenter elementor-widget-tablet__width-inherit elementor-widget-mobile__width-auto elementor-widget__width-initial elementor-widget elementor-widget-elementskit-button\" data-id=\"68661bf7\" data-element_type=\"widget\" data-e-type=\"widget\" data-widget_type=\"elementskit-button.default\">\n\t\t\t\t<div class=\"elementor-widget-container\">\n\t\t\t\t\t<div class=\"ekit-wid-con\" >\t\t<div class=\"ekit-btn-wraper\">\n\t\t\t\t\t\t\t<a href=\"https:\/\/originelle.com\/fr\/nous-contacter\/\" class=\"elementskit-btn  whitespace--normal\" id=\"\">\n\t\t\t\t\tR\u00e9servez d\u00e8s maintenant !\t\t\t\t<\/a>\n\t\t\t\t\t<\/div>\n        <\/div>\t\t\t\t<\/div>\n\t\t\t\t<\/div>\n\t\t\t\t<\/div>\n\t\t\t\t\t<\/div>\n\t\t\t\t<\/div>\n\t\t<div class=\"elementor-element elementor-element-a833edb e-flex e-con-boxed e-con e-parent\" data-id=\"a833edb\" data-element_type=\"container\" data-e-type=\"container\">\n\t\t\t\t\t<div class=\"e-con-inner\">\n\t\t\t\t<div class=\"elementor-element elementor-element-5f51688 elementor-widget elementor-widget-spacer\" data-id=\"5f51688\" data-element_type=\"widget\" data-e-type=\"widget\" data-widget_type=\"spacer.default\">\n\t\t\t\t<div class=\"elementor-widget-container\">\n\t\t\t\t\t\t\t<div class=\"elementor-spacer\">\n\t\t\t<div class=\"elementor-spacer-inner\"><\/div>\n\t\t<\/div>\n\t\t\t\t\t\t<\/div>\n\t\t\t\t<\/div>\n\t\t\t\t\t<\/div>\n\t\t\t\t<\/div>\n\t\t\t\t<\/div>","protected":false},"excerpt":{"rendered":"<p>Transparent Pricing for Exceptional Fertility Care Affordable IVF Backed by World-Class Success Rates Transparent pricing. Exceptional care. We offer one of the world\u2019s highest IVF success rates \u2014 without the high costs typically seen in the US and Canada. At OriginElle, we believe world-class fertility care should be within reach. Price List for Patients Covered [&hellip;]<\/p>\n","protected":false},"author":1,"featured_media":0,"parent":0,"menu_order":0,"comment_status":"closed","ping_status":"closed","template":"","meta":{"footnotes":""},"class_list":["post-172","page","type-page","status-publish","hentry"],"aioseo_notices":[],"_links":{"self":[{"href":"https:\/\/originelle.com\/fr\/wp-json\/wp\/v2\/pages\/172","targetHints":{"allow":["GET"]}}],"collection":[{"href":"https:\/\/originelle.com\/fr\/wp-json\/wp\/v2\/pages"}],"about":[{"href":"https:\/\/originelle.com\/fr\/wp-json\/wp\/v2\/types\/page"}],"author":[{"embeddable":true,"href":"https:\/\/originelle.com\/fr\/wp-json\/wp\/v2\/users\/1"}],"replies":[{"embeddable":true,"href":"https:\/\/originelle.com\/fr\/wp-json\/wp\/v2\/comments?post=172"}],"version-history":[{"count":100,"href":"https:\/\/originelle.com\/fr\/wp-json\/wp\/v2\/pages\/172\/revisions"}],"predecessor-version":[{"id":848,"href":"https:\/\/originelle.com\/fr\/wp-json\/wp\/v2\/pages\/172\/revisions\/848"}],"wp:attachment":[{"href":"https:\/\/originelle.com\/fr\/wp-json\/wp\/v2\/media?parent=172"}],"curies":[{"name":"wp","href":"https:\/\/api.w.org\/{rel}","templated":true}]}}